{"id":5594,"date":"2021-11-13T16:44:57","date_gmt":"2021-11-13T16:44:57","guid":{"rendered":"https:\/\/movigo.hr\/?page_id=5594"},"modified":"2026-02-06T10:31:41","modified_gmt":"2026-02-06T09:31:41","slug":"pravila-kolacica","status":"publish","type":"page","link":"https:\/\/movigo.hr\/en\/pravila-kolacica\/","title":{"rendered":"Cookie Policy"},"content":{"rendered":"<div data-elementor-type=\"wp-page\" data-elementor-id=\"5594\" class=\"elementor elementor-5594\">\n\t\t\t\t\t\t<section class=\"elementor-section elementor-top-section elementor-element elementor-element-2a6d181 elementor-section-full_width elementor-section-height-default elementor-section-height-default\" data-id=\"2a6d181\" data-element_type=\"section\" data-e-type=\"section\">\n\t\t\t\t\t\t<div class=\"elementor-container elementor-column-gap-default\">\n\t\t\t\t\t<div class=\"elementor-column elementor-col-50 elementor-top-column elementor-element elementor-element-f936ef8\" data-id=\"f936ef8\" data-element_type=\"column\" data-e-type=\"column\">\n\t\t\t<div class=\"elementor-widget-wrap elementor-element-populated\">\n\t\t\t\t\t\t<div class=\"elementor-element elementor-element-a38f29d elementor-widget elementor-widget-heading\" data-id=\"a38f29d\" data-element_type=\"widget\" data-e-type=\"widget\" data-widget_type=\"heading.default\">\n\t\t\t\t<div class=\"elementor-widget-container\">\n\t\t\t\t\t<h2 class=\"elementor-heading-title elementor-size-default\">Pravila privatnosti<\/h2>\t\t\t\t<\/div>\n\t\t\t\t<\/div>\n\t\t\t\t<div class=\"elementor-element elementor-element-9911789 elementor-widget elementor-widget-text-editor\" data-id=\"9911789\" data-element_type=\"widget\" data-e-type=\"widget\" data-widget_type=\"text-editor.default\">\n\t\t\t\t<div class=\"elementor-widget-container\">\n\t\t\t\t\t\t\t\t\t<p>Ova pravila privatnosti opisuju kako Movigo d.o.o. prikuplja, koristi i \u0161titi va\u0161e osobne podatke kada posjetite ovu web stranicu.<\/p>\n<p><h5>Koje osobne podatke prikupljamo?<\/h5><\/p>\n<p>Kada posjetite na\u0161u web stranicu, automatski prikupljamo odre\u0111ene informacije o va\u0161em ure\u0111aju, uklju\u010duju\u0107i podatke o va\u0161em internetskom pregledniku, IP adresi, vremenskoj zoni i neke od kola\u010di\u0107a koji su instalirani na va\u0161em ure\u0111aju. Tako\u0111er, prikupljamo informacije o pojedina\u010dnim web stranicama ili proizvodima koje pregledavate, koje web stranice ili pretrage su vas uputile na na\u0161u web stranicu te informacije o va\u0161em interakciji s na\u0161om web stranicom. Ove automatski prikupljene informacije nazivamo &#8220;Informacije o ure\u0111aju&#8221;.<\/p>\t\t\t\t\t\t\t\t<\/div>\n\t\t\t\t<\/div>\n\t\t\t\t<div class=\"elementor-element elementor-element-9244d6d elementor-widget elementor-widget-heading\" data-id=\"9244d6d\" data-element_type=\"widget\" data-e-type=\"widget\" data-widget_type=\"heading.default\">\n\t\t\t\t<div class=\"elementor-widget-container\">\n\t\t\t\t\t<h5 class=\"elementor-heading-title elementor-size-default\">S kime dijelimo va\u0161e osobne podatke?<\/h5>\t\t\t\t<\/div>\n\t\t\t\t<\/div>\n\t\t\t\t<div class=\"elementor-element elementor-element-176107c elementor-widget elementor-widget-text-editor\" data-id=\"176107c\" data-element_type=\"widget\" data-e-type=\"widget\" data-widget_type=\"text-editor.default\">\n\t\t\t\t<div class=\"elementor-widget-container\">\n\t\t\t\t\t\t\t\t\t<p>Koristimo kola\u010di\u0107e tre\u0107ih strana, uklju\u010duju\u0107i kola\u010di\u0107e od WPForms-a i Google Maps-a, kako bismo omogu\u0107ili odre\u0111ene funkcionalnosti i pobolj\u0161ali va\u0161e iskustvo pregledavanja.<\/p>\t\t\t\t\t\t\t\t<\/div>\n\t\t\t\t<\/div>\n\t\t\t\t<div class=\"elementor-element elementor-element-586a3fd elementor-widget elementor-widget-heading\" data-id=\"586a3fd\" data-element_type=\"widget\" data-e-type=\"widget\" data-widget_type=\"heading.default\">\n\t\t\t\t<div class=\"elementor-widget-container\">\n\t\t\t\t\t<h5 class=\"elementor-heading-title elementor-size-default\">Va\u0161a prava<\/h5>\t\t\t\t<\/div>\n\t\t\t\t<\/div>\n\t\t\t\t<div class=\"elementor-element elementor-element-1ade652 elementor-widget elementor-widget-text-editor\" data-id=\"1ade652\" data-element_type=\"widget\" data-e-type=\"widget\" data-widget_type=\"text-editor.default\">\n\t\t\t\t<div class=\"elementor-widget-container\">\n\t\t\t\t\t\t\t\t\t<p>Ako ste europski rezident, imate pravo pristupiti osobnim podacima koje imamo o vama i zatra\u017eiti ispravak, a\u017euriranje ili brisanje va\u0161ih osobnih podataka. Ako \u017eelite iskoristiti to pravo, kontaktirajte nas koriste\u0107i kontakt informacije u nastavku.<\/p>\t\t\t\t\t\t\t\t<\/div>\n\t\t\t\t<\/div>\n\t\t\t\t\t<\/div>\n\t\t<\/div>\n\t\t\t\t<div class=\"elementor-column elementor-col-50 elementor-top-column elementor-element elementor-element-404124d\" data-id=\"404124d\" data-element_type=\"column\" data-e-type=\"column\">\n\t\t\t<div class=\"elementor-widget-wrap elementor-element-populated\">\n\t\t\t\t\t\t<div class=\"elementor-element elementor-element-aa8bf7d elementor-widget elementor-widget-image\" data-id=\"aa8bf7d\" data-element_type=\"widget\" data-e-type=\"widget\" data-widget_type=\"image.default\">\n\t\t\t\t<div class=\"elementor-widget-container\">\n\t\t\t\t\t\t\t\t\t\t\t\t\t\t\t<img fetchpriority=\"high\" decoding=\"async\" width=\"300\" height=\"200\" src=\"https:\/\/movigo.hr\/wp-content\/uploads\/2021\/09\/sline-300x200.jpg\" class=\"attachment-medium size-medium wp-image-9304\" alt=\"Audi Q8 S Line Movigo\" srcset=\"https:\/\/movigo.hr\/wp-content\/uploads\/2021\/09\/sline-300x200.jpg 300w, https:\/\/movigo.hr\/wp-content\/uploads\/2021\/09\/sline-18x12.jpg 18w, https:\/\/movigo.hr\/wp-content\/uploads\/2021\/09\/sline.jpg 600w\" sizes=\"(max-width: 300px) 100vw, 300px\" \/>\t\t\t\t\t\t\t\t\t\t\t\t\t\t\t<\/div>\n\t\t\t\t<\/div>\n\t\t\t\t<div class=\"elementor-element elementor-element-743ae5e elementor-widget elementor-widget-heading\" data-id=\"743ae5e\" data-element_type=\"widget\" data-e-type=\"widget\" data-widget_type=\"heading.default\">\n\t\t\t\t<div class=\"elementor-widget-container\">\n\t\t\t\t\t<h5 class=\"elementor-heading-title elementor-size-default\">Kako koristimo va\u0161e osobne podatke?<\/h5>\t\t\t\t<\/div>\n\t\t\t\t<\/div>\n\t\t\t\t<div class=\"elementor-element elementor-element-8fa2b23 elementor-widget elementor-widget-text-editor\" data-id=\"8fa2b23\" data-element_type=\"widget\" data-e-type=\"widget\" data-widget_type=\"text-editor.default\">\n\t\t\t\t<div class=\"elementor-widget-container\">\n\t\t\t\t\t\t\t\t\t<p>Informacije o ure\u0111aju koje prikupljamo koristimo kako bismo nam pomogle u provjeri potencijalnih rizika i prijevara (posebno va\u0161u IP adresu), te op\u0107enito kako bismo pobolj\u0161ali i optimizirali na\u0161u web stranicu (primjerice, generiraju\u0107i analitiku o tome kako na\u0161i korisnici pregledavaju i interakciju s web stranicom, te procjenjuju\u0107i uspjeh na\u0161ih marketin\u0161kih i ogla\u0161iva\u010dkih kampanja).<\/p>\t\t\t\t\t\t\t\t<\/div>\n\t\t\t\t<\/div>\n\t\t\t\t<div class=\"elementor-element elementor-element-8202c11 elementor-widget elementor-widget-heading\" data-id=\"8202c11\" data-element_type=\"widget\" data-e-type=\"widget\" data-widget_type=\"heading.default\">\n\t\t\t\t<div class=\"elementor-widget-container\">\n\t\t\t\t\t<h5 class=\"elementor-heading-title elementor-size-default\">Promjene u ovim pravilima privatnosti<\/h5>\t\t\t\t<\/div>\n\t\t\t\t<\/div>\n\t\t\t\t<div class=\"elementor-element elementor-element-1a9b22e elementor-widget elementor-widget-text-editor\" data-id=\"1a9b22e\" data-element_type=\"widget\" data-e-type=\"widget\" data-widget_type=\"text-editor.default\">\n\t\t\t\t<div class=\"elementor-widget-container\">\n\t\t\t\t\t\t\t\t\t<p>Zadr\u017eavamo pravo izmjene ovih pravila privatnosti u bilo kojem trenutku, stoga ih redovito pregledajte. Promjene i poja\u0161njenja stupit \u0107e na snagu odmah nakon njihove objave na web stranici. Ako napravimo materijalne promjene u ovim pravilima, obavijestit \u0107emo vas ovdje da su a\u017eurirani, tako da znate koje informacije prikupljamo, kako ih koristimo i pod kojim okolnostima, ako uop\u0107e, ih koristimo i\/ili otkrivamo.<\/p>\t\t\t\t\t\t\t\t<\/div>\n\t\t\t\t<\/div>\n\t\t\t\t\t<\/div>\n\t\t<\/div>\n\t\t\t\t\t<\/div>\n\t\t<\/section>\n\t\t\t\t<section class=\"elementor-section elementor-top-section elementor-element elementor-element-f65fa66 elementor-section-boxed elementor-section-height-default elementor-section-height-default\" data-id=\"f65fa66\" data-element_type=\"section\" data-e-type=\"section\">\n\t\t\t\t\t\t<div class=\"elementor-container elementor-column-gap-default\">\n\t\t\t\t\t<div class=\"elementor-column elementor-col-100 elementor-top-column elementor-element elementor-element-49bb489\" data-id=\"49bb489\" data-element_type=\"column\" data-e-type=\"column\">\n\t\t\t<div class=\"elementor-widget-wrap elementor-element-populated\">\n\t\t\t\t\t\t<section class=\"elementor-section elementor-inner-section elementor-element elementor-element-d0ea51f elementor-section-boxed elementor-section-height-default elementor-section-height-default\" data-id=\"d0ea51f\" data-element_type=\"section\" data-e-type=\"section\">\n\t\t\t\t\t\t<div class=\"elementor-container elementor-column-gap-default\">\n\t\t\t\t\t<div class=\"elementor-column elementor-col-50 elementor-inner-column elementor-element elementor-element-0da19c9\" data-id=\"0da19c9\" data-element_type=\"column\" data-e-type=\"column\">\n\t\t\t<div class=\"elementor-widget-wrap elementor-element-populated\">\n\t\t\t\t\t\t<div class=\"elementor-element elementor-element-0824298 elementor-widget elementor-widget-heading\" data-id=\"0824298\" data-element_type=\"widget\" data-e-type=\"widget\" data-widget_type=\"heading.default\">\n\t\t\t\t<div class=\"elementor-widget-container\">\n\t\t\t\t\t<h5 class=\"elementor-heading-title elementor-size-default\">Google reCAPTCHA<\/h5>\t\t\t\t<\/div>\n\t\t\t\t<\/div>\n\t\t\t\t<div class=\"elementor-element elementor-element-c73c396 elementor-widget elementor-widget-text-editor\" data-id=\"c73c396\" data-element_type=\"widget\" data-e-type=\"widget\" data-widget_type=\"text-editor.default\">\n\t\t\t\t<div class=\"elementor-widget-container\">\n\t\t\t\t\t\t\t\t\t<p>Na\u0161a web stranica koristi uslugu Google reCAPTCHA u svrhu za\u0161tite od ne\u017eeljenih poruka (spama), zloupotrebe obrazaca i automatiziranih pristupa. Ova usluga poma\u017ee nam osigurati sigurnost i pravilno funkcioniranje web stranice.<\/p><p>Google LLC u ovom slu\u010daju djeluje kao izvr\u0161itelj obrade osobnih podataka (data processor) u na\u0161e ime, u skladu s va\u017ee\u0107im propisima o za\u0161titi podataka i Google Cloud Data Processing Addendum.<\/p><p>Prilikom kori\u0161tenja reCAPTCHA-e mogu se prikupljati i obra\u0111ivati tehni\u010dki podaci o korisnicima, uklju\u010duju\u0107i IP adresu, podatke o internetskom pregledniku, vrstu ure\u0111aja, operativni sustav, postavke jezika te podatke o pona\u0161anju korisnika na web stranici, isklju\u010divo u svrhu procjene je li pristup izvr\u0161en od strane stvarne osobe ili automatiziranog sustava.<\/p><p>Obrada podataka putem Google reCAPTCHA temelji se na na\u0161em legitimnom interesu za osiguravanje sigurnosti web stranice i sprje\u010davanje zloupotrebe.<\/p>\t\t\t\t\t\t\t\t<\/div>\n\t\t\t\t<\/div>\n\t\t\t\t\t<\/div>\n\t\t<\/div>\n\t\t\t\t<div class=\"elementor-column elementor-col-50 elementor-inner-column elementor-element elementor-element-db94c3e\" data-id=\"db94c3e\" data-element_type=\"column\" data-e-type=\"column\">\n\t\t\t<div class=\"elementor-widget-wrap elementor-element-populated\">\n\t\t\t\t\t\t<div class=\"elementor-element elementor-element-f5342dc elementor-widget elementor-widget-image\" data-id=\"f5342dc\" data-element_type=\"widget\" data-e-type=\"widget\" data-widget_type=\"image.default\">\n\t\t\t\t<div class=\"elementor-widget-container\">\n\t\t\t\t\t\t\t\t\t\t\t\t\t\t\t<img decoding=\"async\" width=\"640\" height=\"357\" src=\"https:\/\/movigo.hr\/wp-content\/uploads\/2026\/02\/captcha.png\" class=\"attachment-medium_large size-medium_large wp-image-9884\" alt=\"\" srcset=\"https:\/\/movigo.hr\/wp-content\/uploads\/2026\/02\/captcha.png 640w, https:\/\/movigo.hr\/wp-content\/uploads\/2026\/02\/captcha-300x167.png 300w, https:\/\/movigo.hr\/wp-content\/uploads\/2026\/02\/captcha-18x10.png 18w, https:\/\/movigo.hr\/wp-content\/uploads\/2026\/02\/captcha-600x335.png 600w\" sizes=\"(max-width: 640px) 100vw, 640px\" \/>\t\t\t\t\t\t\t\t\t\t\t\t\t\t\t<\/div>\n\t\t\t\t<\/div>\n\t\t\t\t\t<\/div>\n\t\t<\/div>\n\t\t\t\t\t<\/div>\n\t\t<\/section>\n\t\t\t\t\t<\/div>\n\t\t<\/div>\n\t\t\t\t\t<\/div>\n\t\t<\/section>\n\t\t\t\t<section class=\"elementor-section elementor-top-section elementor-element elementor-element-55242ec elementor-section-boxed elementor-section-height-default elementor-section-height-default\" data-id=\"55242ec\" data-element_type=\"section\" data-e-type=\"section\">\n\t\t\t\t\t\t<div class=\"elementor-container elementor-column-gap-default\">\n\t\t\t\t\t<div class=\"elementor-column elementor-col-50 elementor-top-column elementor-element elementor-element-50aad78\" data-id=\"50aad78\" data-element_type=\"column\" data-e-type=\"column\">\n\t\t\t<div class=\"elementor-widget-wrap elementor-element-populated\">\n\t\t\t\t\t\t<div class=\"elementor-element elementor-element-f5f5620 elementor-widget elementor-widget-heading\" data-id=\"f5f5620\" data-element_type=\"widget\" data-e-type=\"widget\" data-widget_type=\"heading.default\">\n\t\t\t\t<div class=\"elementor-widget-container\">\n\t\t\t\t\t<h2 class=\"elementor-heading-title elementor-size-default\">Kontaktirajte nas<\/h2>\t\t\t\t<\/div>\n\t\t\t\t<\/div>\n\t\t\t\t<div class=\"elementor-element elementor-element-b920bdd elementor-widget elementor-widget-text-editor\" data-id=\"b920bdd\" data-element_type=\"widget\" data-e-type=\"widget\" data-widget_type=\"text-editor.default\">\n\t\t\t\t<div class=\"elementor-widget-container\">\n\t\t\t\t\t\t\t\t\t<p>Ako imate bilo kakvih pitanja o ovim pravilima privatnosti, mo\u017eete nas kontaktirati putem e-maila: info@movigo.hr<\/p>\t\t\t\t\t\t\t\t<\/div>\n\t\t\t\t<\/div>\n\t\t\t\t\t<\/div>\n\t\t<\/div>\n\t\t\t\t<div class=\"elementor-column elementor-col-50 elementor-top-column elementor-element elementor-element-9cf7a1b\" data-id=\"9cf7a1b\" data-element_type=\"column\" data-e-type=\"column\">\n\t\t\t<div class=\"elementor-widget-wrap elementor-element-populated\">\n\t\t\t\t\t\t<div class=\"elementor-element elementor-element-aac15a4 elementor-widget elementor-widget-text-editor\" data-id=\"aac15a4\" data-element_type=\"widget\" data-e-type=\"widget\" data-widget_type=\"text-editor.default\">\n\t\t\t\t<div class=\"elementor-widget-container\">\n\t\t\t\t\t\t\t\t\t<p>Movigo d.o.o.<\/p>\n<p>F. Nevisti\u0107a 17, Zagreb<br \/>\u00a010000, Hrvatska<\/p>\t\t\t\t\t\t\t\t<\/div>\n\t\t\t\t<\/div>\n\t\t\t\t\t<\/div>\n\t\t<\/div>\n\t\t\t\t\t<\/div>\n\t\t<\/section>\n\t\t\t\t<\/div>","protected":false},"excerpt":{"rendered":"<p>Pravila privatnosti Ova pravila privatnosti opisuju kako Movigo d.o.o. prikuplja, koristi i \u0161titi va\u0161e osobne podatke kada posjetite ovu web stranicu. Koje osobne podatke prikupljamo? Kada posjetite na\u0161u web stranicu, automatski prikupljamo odre\u0111ene informacije o va\u0161em ure\u0111aju, uklju\u010duju\u0107i podatke o va\u0161em internetskom pregledniku, IP adresi, vremenskoj zoni i neke od kola\u010di\u0107a koji su instalirani na [&hellip;]<\/p>\n","protected":false},"author":1,"featured_media":0,"parent":0,"menu_order":0,"comment_status":"closed","ping_status":"closed","template":"","meta":{"site-sidebar-layout":"default","site-content-layout":"","ast-site-content-layout":"default","site-content-style":"default","site-sidebar-style":"default","ast-global-header-display":"","ast-banner-title-visibility":"","ast-main-header-display":"","ast-hfb-above-header-display":"","ast-hfb-below-header-display":"","ast-hfb-mobile-header-display":"","site-post-title":"","ast-breadcrumbs-content":"","ast-featured-img":"","footer-sml-layout":"","ast-disable-related-posts":"","theme-transparent-header-meta":"","adv-header-id-meta":"","stick-header-meta":"","header-above-stick-meta":"","header-main-stick-meta":"","header-below-stick-meta":"","astra-migrate-meta-layouts":"default","ast-page-background-enabled":"default","ast-page-background-meta":{"desktop":{"background-color":"","background-image":"","background-repeat":"repeat","background-position":"center center","background-size":"auto","background-attachment":"scroll","background-type":"","background-media":"","overlay-type":"","overlay-color":"","overlay-opacity":"","overlay-gradient":""},"tablet":{"background-color":"","background-image":"","background-repeat":"repeat","background-position":"center center","background-size":"auto","background-attachment":"scroll","background-type":"","background-media":"","overlay-type":"","overlay-color":"","overlay-opacity":"","overlay-gradient":""},"mobile":{"background-color":"","background-image":"","background-repeat":"repeat","background-position":"center center","background-size":"auto","background-attachment":"scroll","background-type":"","background-media":"","overlay-type":"","overlay-color":"","overlay-opacity":"","overlay-gradient":""}},"ast-content-background-meta":{"desktop":{"background-color":"var(--ast-global-color-5)","background-image":"","background-repeat":"repeat","background-position":"center center","background-size":"auto","background-attachment":"scroll","background-type":"","background-media":"","overlay-type":"","overlay-color":"","overlay-opacity":"","overlay-gradient":""},"tablet":{"background-color":"var(--ast-global-color-5)","background-image":"","background-repeat":"repeat","background-position":"center center","background-size":"auto","background-attachment":"scroll","background-type":"","background-media":"","overlay-type":"","overlay-color":"","overlay-opacity":"","overlay-gradient":""},"mobile":{"background-color":"var(--ast-global-color-5)","background-image":"","background-repeat":"repeat","background-position":"center center","background-size":"auto","background-attachment":"scroll","background-type":"","background-media":"","overlay-type":"","overlay-color":"","overlay-opacity":"","overlay-gradient":""}},"footnotes":""},"class_list":["post-5594","page","type-page","status-publish","hentry"],"_links":{"self":[{"href":"https:\/\/movigo.hr\/en\/wp-json\/wp\/v2\/pages\/5594","targetHints":{"allow":["GET"]}}],"collection":[{"href":"https:\/\/movigo.hr\/en\/wp-json\/wp\/v2\/pages"}],"about":[{"href":"https:\/\/movigo.hr\/en\/wp-json\/wp\/v2\/types\/page"}],"author":[{"embeddable":true,"href":"https:\/\/movigo.hr\/en\/wp-json\/wp\/v2\/users\/1"}],"replies":[{"embeddable":true,"href":"https:\/\/movigo.hr\/en\/wp-json\/wp\/v2\/comments?post=5594"}],"version-history":[{"count":0,"href":"https:\/\/movigo.hr\/en\/wp-json\/wp\/v2\/pages\/5594\/revisions"}],"wp:attachment":[{"href":"https:\/\/movigo.hr\/en\/wp-json\/wp\/v2\/media?parent=5594"}],"curies":[{"name":"wp","href":"https:\/\/api.w.org\/{rel}","templated":true}]}}