{"id":8011,"date":"2023-06-03T09:15:24","date_gmt":"2023-06-03T09:15:24","guid":{"rendered":"https:\/\/movigo.hr\/?page_id=8011"},"modified":"2023-06-03T09:17:44","modified_gmt":"2023-06-03T09:17:44","slug":"postavke-kolacica","status":"publish","type":"page","link":"https:\/\/movigo.hr\/en\/postavke-kolacica\/","title":{"rendered":"Cookie Settings"},"content":{"rendered":"\n<pre id=\"tw-target-text\" class=\"wp-block-preformatted\"><strong>Politika kola\u010di\u0107a<\/strong><\/pre>\n\n\n<div class=\"cli_pg_page_contaner\">\n<h3>O ovoj politici kola\u010di\u0107a<\/h3>\n<div>Ova Pravila o kola\u010di\u0107ima obja\u0161njavaju \u0161to su kola\u010di\u0107i i kako ih koristimo, vrste kola\u010di\u0107a koje koristimo, tj. informacije koje prikupljamo pomo\u0107u kola\u010di\u0107a i kako se te informacije koriste te kako kontrolirati postavke kola\u010di\u0107a. Za dodatne informacije o tome kako koristimo, pohranjujemo i \u010duvamo va\u0161e osobne podatke sigurnima, pogledajte na\u0161u Politiku privatnosti.U svakom trenutku mo\u017eete promijeniti ili povu\u0107i svoj pristanak na Izjavu o kola\u010di\u0107ima na na\u0161oj web straniciSaznajte vi\u0161e o tome tko smo, kako nas mo\u017eete kontaktirati i kako obra\u0111ujemo osobne podatke u na\u0161im Pravilima privatnosti.Va\u0161 pristanak odnosi se na sljede\u0107e domene:movigo.hr[user_consent_state]<\/div>\n<h3>\u0160to su kola\u010di\u0107i?<\/h3>\n<div>Kola\u010di\u0107i su male tekstualne datoteke koje se koriste za pohranjivanje malih dijelova informacija. Pohranjuju se na va\u0161em ure\u0111aju kada se web stranica u\u010dita u va\u0161 preglednik. Ovi kola\u010di\u0107i nam poma\u017eu da web-mjesto ispravno funkcionira, u\u010dinimo ga sigurnijim, pru\u017eimo bolje korisni\u010dko iskustvo i razumijemo kako web-mjesto funkcionira te analiziramo \u0161to radi i gdje treba pobolj\u0161ati.<\/div>\n<h3>Kako koristimo kola\u010di\u0107e?<\/h3>\n<div><br \/>Kao i ve\u0107ina internetskih usluga, na\u0161a web stranica koristi kola\u010di\u0107e prve i tre\u0107e strane u nekoliko svrha. Kola\u010di\u0107i prve strane uglavnom su nu\u017eni za ispravno funkcioniranje web stranice i ne prikupljaju va\u0161e osobne podatke.<br \/>\n<p>\u00a0<\/p>\n<p>Kola\u010di\u0107i tre\u0107ih strana koji se koriste na na\u0161em web-mjestu uglavnom slu\u017ee za razumijevanje na\u010dina na koji web-mjesto radi, kako komunicirate s na\u0161im web-mjestom, za o\u010duvanje sigurnosti na\u0161ih usluga, za pru\u017eanje reklama koje su vam relevantne i sve u svemu za pru\u017eanje boljeg i pobolj\u0161anog korisnika iskustva i ubrzati va\u0161e budu\u0107e interakcije s na\u0161im web mjestom<\/p>\n<\/div>\n<h3>Koje vrste kola\u010di\u0107a koristimo?<\/h3>\n<div>\n<p>Neophodno: Neki kola\u010di\u0107i su neophodni da biste mogli iskusiti punu funkcionalnost na\u0161e stranice. Omogu\u0107uju nam odr\u017eavanje korisni\u010dkih sesija i sprje\u010davanje bilo kakvih sigurnosnih prijetnji. Oni ne prikupljaju niti pohranjuju nikakve osobne podatke. Na primjer, ovi kola\u010di\u0107i omogu\u0107uju vam da se prijavite na svoj ra\u010dun i dodate proizvode u svoju ko\u0161aricu, te sigurnu naplatu.<\/p>\n<p>Statistika: Ovi kola\u010di\u0107i pohranjuju informacije poput broja posjetitelja web stranice, broja jedinstvenih posjetitelja, koje su stranice web stranice posje\u0107ene, izvor posjeta itd. Ovi nam podaci poma\u017eu razumjeti i analizirati koliko dobro web stranica funkcionira i gdje treba pobolj\u0161ati.<\/p>\n<p>Marketing: Na\u0161a web stranica prikazuje reklame. Ovi se kola\u010di\u0107i koriste za personalizaciju reklama koje vam prikazujemo kako bi vam bile zna\u010dajne. Ovi kola\u010di\u0107i tako\u0111er nam poma\u017eu pratiti u\u010dinkovitost ovih oglasnih kampanja.<br \/>Informacije pohranjene u ovim kola\u010di\u0107ima tako\u0111er mogu koristiti davatelji oglasa tre\u0107ih strana kako bi vam prikazali oglase i na drugim web stranicama u pregledniku.<\/p>\n<p>Funkcionalni: Ovo su kola\u010di\u0107i koji poma\u017eu odre\u0111enim nebitnim funkcijama na na\u0161oj web stranici. Ove funkcije uklju\u010duju ugra\u0111ivanje sadr\u017eaja poput videozapisa ili dijeljenje sadr\u017eaja web stranice na platformama dru\u0161tvenih medija.<\/p>\n<p>Postavke: Ovi nam kola\u010di\u0107i poma\u017eu pohraniti va\u0161e postavke i postavke pregledavanja kao \u0161to su jezi\u010dne postavke kako biste imali bolje i u\u010dinkovitije iskustvo pri budu\u0107im posjetima web stranici.<\/p>\n<p>[cookie_audit columns=&#8221;cookie,description&#8221; heading=&#8221;The below list details the cookies used in our website.&#8221;]<\/p>\n<\/div>\n<p><strong>Kako mogu kontrolirati postavke kola\u010di\u0107a?<\/strong><\/p>\n<div>\n<p>ko odlu\u010dite promijeniti svoje postavke kasnije tijekom sesije pregledavanja, mo\u017eete kliknuti na karticu &#8220;Upravljanje privolom&#8221; na va\u0161em zaslonu. Ovo \u0107e ponovno prikazati obavijest o pristanku koja vam omogu\u0107uje da promijenite svoje postavke ili u potpunosti povu\u010dete svoj pristanak.<\/p>\n<p>Osim toga, razli\u010diti preglednici pru\u017eaju razli\u010dite metode za blokiranje i brisanje kola\u010di\u0107a koje koriste web stranice. Mo\u017eete promijeniti postavke svog preglednika kako biste blokirali\/izbrisali kola\u010di\u0107e. Kako biste saznali vi\u0161e o tome kako upravljati i brisati kola\u010di\u0107e, posjetite wikipedia.org, www.allaboutcookies.org.<\/p>\n<p>\u00a0<\/p>\n<\/div>\n<\/div>","protected":false},"excerpt":{"rendered":"<p>Politika kola\u010di\u0107a O ovoj politici kola\u010di\u0107a Ova Pravila o kola\u010di\u0107ima obja\u0161njavaju \u0161to su kola\u010di\u0107i i kako ih koristimo, vrste kola\u010di\u0107a koje koristimo, tj. informacije koje prikupljamo pomo\u0107u kola\u010di\u0107a i kako se te informacije koriste te kako kontrolirati postavke kola\u010di\u0107a. Za dodatne informacije o tome kako koristimo, pohranjujemo i \u010duvamo va\u0161e osobne podatke sigurnima, pogledajte na\u0161u [&hellip;]<\/p>\n","protected":false},"author":1,"featured_media":0,"parent":0,"menu_order":0,"comment_status":"closed","ping_status":"closed","template":"","meta":{"site-sidebar-layout":"default","site-content-layout":"","ast-site-content-layout":"default","site-content-style":"default","site-sidebar-style":"default","ast-global-header-display":"","ast-banner-title-visibility":"","ast-main-header-display":"","ast-hfb-above-header-display":"","ast-hfb-below-header-display":"","ast-hfb-mobile-header-display":"","site-post-title":"","ast-breadcrumbs-content":"","ast-featured-img":"","footer-sml-layout":"","ast-disable-related-posts":"","theme-transparent-header-meta":"","adv-header-id-meta":"","stick-header-meta":"","header-above-stick-meta":"","header-main-stick-meta":"","header-below-stick-meta":"","astra-migrate-meta-layouts":"default","ast-page-background-enabled":"default","ast-page-background-meta":{"desktop":{"background-color":"","background-image":"","background-repeat":"repeat","background-position":"center center","background-size":"auto","background-attachment":"scroll","background-type":"","background-media":"","overlay-type":"","overlay-color":"","overlay-opacity":"","overlay-gradient":""},"tablet":{"background-color":"","background-image":"","background-repeat":"repeat","background-position":"center center","background-size":"auto","background-attachment":"scroll","background-type":"","background-media":"","overlay-type":"","overlay-color":"","overlay-opacity":"","overlay-gradient":""},"mobile":{"background-color":"","background-image":"","background-repeat":"repeat","background-position":"center center","background-size":"auto","background-attachment":"scroll","background-type":"","background-media":"","overlay-type":"","overlay-color":"","overlay-opacity":"","overlay-gradient":""}},"ast-content-background-meta":{"desktop":{"background-color":"var(--ast-global-color-5)","background-image":"","background-repeat":"repeat","background-position":"center center","background-size":"auto","background-attachment":"scroll","background-type":"","background-media":"","overlay-type":"","overlay-color":"","overlay-opacity":"","overlay-gradient":""},"tablet":{"background-color":"var(--ast-global-color-5)","background-image":"","background-repeat":"repeat","background-position":"center center","background-size":"auto","background-attachment":"scroll","background-type":"","background-media":"","overlay-type":"","overlay-color":"","overlay-opacity":"","overlay-gradient":""},"mobile":{"background-color":"var(--ast-global-color-5)","background-image":"","background-repeat":"repeat","background-position":"center center","background-size":"auto","background-attachment":"scroll","background-type":"","background-media":"","overlay-type":"","overlay-color":"","overlay-opacity":"","overlay-gradient":""}},"footnotes":""},"class_list":["post-8011","page","type-page","status-publish","hentry"],"_links":{"self":[{"href":"https:\/\/movigo.hr\/en\/wp-json\/wp\/v2\/pages\/8011","targetHints":{"allow":["GET"]}}],"collection":[{"href":"https:\/\/movigo.hr\/en\/wp-json\/wp\/v2\/pages"}],"about":[{"href":"https:\/\/movigo.hr\/en\/wp-json\/wp\/v2\/types\/page"}],"author":[{"embeddable":true,"href":"https:\/\/movigo.hr\/en\/wp-json\/wp\/v2\/users\/1"}],"replies":[{"embeddable":true,"href":"https:\/\/movigo.hr\/en\/wp-json\/wp\/v2\/comments?post=8011"}],"version-history":[{"count":0,"href":"https:\/\/movigo.hr\/en\/wp-json\/wp\/v2\/pages\/8011\/revisions"}],"wp:attachment":[{"href":"https:\/\/movigo.hr\/en\/wp-json\/wp\/v2\/media?parent=8011"}],"curies":[{"name":"wp","href":"https:\/\/api.w.org\/{rel}","templated":true}]}}