{"id":9042,"date":"2023-07-06T10:21:25","date_gmt":"2023-07-06T10:21:25","guid":{"rendered":"https:\/\/movigo.hr\/?post_type=product&#038;p=9042"},"modified":"2023-07-11T20:40:27","modified_gmt":"2023-07-11T20:40:27","slug":"krovni-nosac-i-kofer","status":"publish","type":"product","link":"https:\/\/movigo.hr\/en\/product\/krovni-nosac-i-kofer\/","title":{"rendered":"Roof rack and luggage carrier"},"content":{"rendered":"<div style=\"padding: 20px;\">With our company, your journey becomes even more convenient and comfortable thanks to our additional service in passenger transportation - roof rack and luggage installation. We provide you with everything you need to make the most of every moment of your trip, without worrying about logistics and baggage.<\/p>\n<p>Monta\u017ea nosa\u010da s koferom omogu\u0107uje vam da putujete bez potrebe za kompromisom. Bez obzira jeste li se odlu\u010dili za luksuzni prijevoz, putovanje s velikom koli\u010dinom prtljage ne mora biti problem. Ovaj dodatak osigurava da mo\u017eete putovati s udobno\u0161\u0107u i stilom, bez optere\u0107enja i brige o prtljazi. U\u017eivajte u luksuznom iskustvu putovanja i imajte sve svoje potrebne stvari na dohvat ruke.<\/p><\/div>","protected":false},"excerpt":{"rendered":"<p>To maximize the space in your vehicle, we also offer a service for roof box installation. Whether you need additional space for clothes, camping equipment, or other luggage, you can rely on us for high-quality roof box installation that will simplify your organization and travel.<\/p>\n<p>With our additional service of passenger transportation, roof rack and luggage installation for vehicles, we aim to provide you with an incredible travel experience. Rely on our expertise and professionalism, allowing you to focus on enjoying your journey without worrying about the details.<\/p>","protected":false},"featured_media":9036,"template":"","meta":{"site-sidebar-layout":"default","site-content-layout":"default","ast-site-content-layout":"default","site-content-style":"default","site-sidebar-style":"default","ast-global-header-display":"","ast-banner-title-visibility":"","ast-main-header-display":"","ast-hfb-above-header-display":"","ast-hfb-below-header-display":"","ast-hfb-mobile-header-display":"","site-post-title":"","ast-breadcrumbs-content":"","ast-featured-img":"","footer-sml-layout":"","ast-disable-related-posts":"","theme-transparent-header-meta":"default","adv-header-id-meta":"","stick-header-meta":"","header-above-stick-meta":"","header-main-stick-meta":"","header-below-stick-meta":"","astra-migrate-meta-layouts":"default","ast-page-background-enabled":"default","ast-page-background-meta":{"desktop":{"background-color":"","background-image":"","background-repeat":"repeat","background-position":"center center","background-size":"auto","background-attachment":"scroll","background-type":"","background-media":"","overlay-type":"","overlay-color":"","overlay-opacity":"","overlay-gradient":""},"tablet":{"background-color":"","background-image":"","background-repeat":"repeat","background-position":"center center","background-size":"auto","background-attachment":"scroll","background-type":"","background-media":"","overlay-type":"","overlay-color":"","overlay-opacity":"","overlay-gradient":""},"mobile":{"background-color":"","background-image":"","background-repeat":"repeat","background-position":"center center","background-size":"auto","background-attachment":"scroll","background-type":"","background-media":"","overlay-type":"","overlay-color":"","overlay-opacity":"","overlay-gradient":""}},"ast-content-background-meta":{"desktop":{"background-color":"var(--ast-global-color-5)","background-image":"","background-repeat":"repeat","background-position":"center center","background-size":"auto","background-attachment":"scroll","background-type":"","background-media":"","overlay-type":"","overlay-color":"","overlay-opacity":"","overlay-gradient":""},"tablet":{"background-color":"var(--ast-global-color-5)","background-image":"","background-repeat":"repeat","background-position":"center center","background-size":"auto","background-attachment":"scroll","background-type":"","background-media":"","overlay-type":"","overlay-color":"","overlay-opacity":"","overlay-gradient":""},"mobile":{"background-color":"var(--ast-global-color-5)","background-image":"","background-repeat":"repeat","background-position":"center center","background-size":"auto","background-attachment":"scroll","background-type":"","background-media":"","overlay-type":"","overlay-color":"","overlay-opacity":"","overlay-gradient":""}}},"product_brand":[],"product_cat":[62,63],"product_tag":[66,65],"class_list":{"0":"post-9042","1":"product","2":"type-product","3":"status-publish","4":"has-post-thumbnail","6":"product_cat-dodaatne-usluge","7":"product_cat-krovni-nosac-i-kofer","8":"product_tag-krovni-kofer-za-automobile","9":"product_tag-krovni-nosac","10":"desktop-align-left","11":"tablet-align-left","12":"mobile-align-left","14":"first","15":"instock","16":"shipping-taxable","17":"product-type-simple"},"_links":{"self":[{"href":"https:\/\/movigo.hr\/en\/wp-json\/wp\/v2\/product\/9042","targetHints":{"allow":["GET"]}}],"collection":[{"href":"https:\/\/movigo.hr\/en\/wp-json\/wp\/v2\/product"}],"about":[{"href":"https:\/\/movigo.hr\/en\/wp-json\/wp\/v2\/types\/product"}],"wp:featuredmedia":[{"embeddable":true,"href":"https:\/\/movigo.hr\/en\/wp-json\/wp\/v2\/media\/9036"}],"wp:attachment":[{"href":"https:\/\/movigo.hr\/en\/wp-json\/wp\/v2\/media?parent=9042"}],"wp:term":[{"taxonomy":"product_brand","embeddable":true,"href":"https:\/\/movigo.hr\/en\/wp-json\/wp\/v2\/product_brand?post=9042"},{"taxonomy":"product_cat","embeddable":true,"href":"https:\/\/movigo.hr\/en\/wp-json\/wp\/v2\/product_cat?post=9042"},{"taxonomy":"product_tag","embeddable":true,"href":"https:\/\/movigo.hr\/en\/wp-json\/wp\/v2\/product_tag?post=9042"}],"curies":[{"name":"wp","href":"https:\/\/api.w.org\/{rel}","templated":true}]}}